{"id":19,"date":"2026-04-09T16:52:05","date_gmt":"2026-04-09T16:52:05","guid":{"rendered":"https:\/\/ecoretreat-nslecopark.com\/?page_id=19"},"modified":"2026-04-09T17:50:01","modified_gmt":"2026-04-09T17:50:01","slug":"eco-retreat","status":"publish","type":"page","link":"https:\/\/ecoretreat-nslecopark.com\/index.php\/eco-retreat\/","title":{"rendered":"Eco Retreat"},"content":{"rendered":"\n\t<section class=\"section\" id=\"section_316112563\">\n\t\t<div class=\"section-bg fill\" >\n\t\t\t\t\t\t\t\t\t\n\t\t\t\n\n\t\t<\/div>\n\n\t\t\n\n\t\t<div class=\"section-content relative\">\n\t\t\t\n<div class=\"row\"  id=\"row-1676567079\">\n\n\t<div id=\"col-1871885146\" class=\"col small-12 large-12\"  >\n\t\t\t\t<div class=\"col-inner\"  >\n\t\t\t\n\t\t\t\n\t<div class=\"img has-hover x md-x lg-x y md-y lg-y\" id=\"image_310948980\">\n\t\t\t\t\t\t\t\t<div class=\"img-inner dark\" >\n\t\t\t<img loading=\"lazy\" decoding=\"async\" width=\"1200\" height=\"501\" src=\"https:\/\/ecoretreat-nslecopark.com\/wp-content\/uploads\/2026\/04\/phoi-canh-eco-retreat-long-an-1.jpg\" class=\"attachment-original size-original\" alt=\"\" srcset=\"https:\/\/ecoretreat-nslecopark.com\/wp-content\/uploads\/2026\/04\/phoi-canh-eco-retreat-long-an-1.jpg 1200w, https:\/\/ecoretreat-nslecopark.com\/wp-content\/uploads\/2026\/04\/phoi-canh-eco-retreat-long-an-1-300x125.jpg 300w, https:\/\/ecoretreat-nslecopark.com\/wp-content\/uploads\/2026\/04\/phoi-canh-eco-retreat-long-an-1-1024x428.jpg 1024w, https:\/\/ecoretreat-nslecopark.com\/wp-content\/uploads\/2026\/04\/phoi-canh-eco-retreat-long-an-1-768x321.jpg 768w, https:\/\/ecoretreat-nslecopark.com\/wp-content\/uploads\/2026\/04\/phoi-canh-eco-retreat-long-an-1-600x251.jpg 600w\" sizes=\"auto, (max-width: 1200px) 100vw, 1200px\" \/>\t\t\t\t\t\t\n\t\t\t\t\t<\/div>\n\t\t\t\t\t\t\t\t\n<style>\n#image_310948980 {\n  width: 100%;\n}\n<\/style>\n\t<\/div>\n\t\n\t\t<\/div>\n\t\t\t\t\t<\/div>\n\n\t\n<\/div>\n\t<div id=\"text-4062011143\" class=\"text\">\n\t\t\n<h1 style=\"text-align: center;\"><span style=\"color: #f9bb00;\">ECO RETREAT<\/span><\/h1>\n<p style=\"text-align: center;\"><strong>KHU \u0110\u00d4 TH\u1eca ECOPARK B\u1ebeN L\u1ee8C &#8211; LONG AN<\/strong><\/p>\n\t\t\n<style>\n#text-4062011143 {\n  font-size: 2.3rem;\n  line-height: 0.75;\n  color: rgb(255, 255, 255);\n}\n#text-4062011143 > * {\n  color: rgb(255, 255, 255);\n}\n<\/style>\n\t<\/div>\n\t\n<div class=\"row\"  id=\"row-306982483\">\n\n\t<div id=\"col-1435747124\" class=\"col medium-4 small-12 large-4\"  >\n\t\t\t\t<div class=\"col-inner\" style=\"background-color:rgb(255, 192, 0);\" >\n\t\t\t\n\t<div class=\"is-border is-dotted\"\n\t\tstyle=\"border-color:#3593ce;border-radius:26px;border-width:5px 5px 5px 5px;\">\n\t<\/div>\n\t\t\t\n\t<div id=\"text-4250699557\" class=\"text\">\n\t\t\n<div style=\"text-align: center;\"><strong>THANH TO\u00c1N CH\u1ec8<\/strong><\/div>\n<div style=\"text-align: center;\"><span style=\"font-size: 170%;\"><strong> 2 T\u1ef6<\/strong><\/span><\/div>\n<div style=\"text-align: center;\"><strong> \u0110\u1ebeN KHI NH\u1eacN NH\u00c0<\/strong><\/div>\n\t\t\n<style>\n#text-4250699557 {\n  color: rgb(8, 58, 145);\n}\n#text-4250699557 > * {\n  color: rgb(8, 58, 145);\n}\n<\/style>\n\t<\/div>\n\t\n\t\t<\/div>\n\t\t\t\t\n<style>\n#col-1435747124 > .col-inner {\n  padding: 15px 15px 15px 15px;\n  border-radius: 25px;\n}\n<\/style>\n\t<\/div>\n\n\t\n\n\t<div id=\"col-884778905\" class=\"col medium-4 small-12 large-4\"  >\n\t\t\t\t<div class=\"col-inner\" style=\"background-color:rgb(255, 192, 0);\" >\n\t\t\t\n\t<div class=\"is-border is-dotted\"\n\t\tstyle=\"border-color:#3593ce;border-radius:26px;border-width:5px 5px 5px 5px;\">\n\t<\/div>\n\t\t\t\n\t<div id=\"text-203631420\" class=\"text\">\n\t\t\n<div style=\"text-align: center;\"><strong>GI\u1ece H\u00c0NG<\/strong><\/div>\n<div style=\"text-align: center;\"><strong><span style=\"font-size: 160%;\">\u0110\u1ed8C QUY\u1ec0N<\/span><\/strong><\/div>\n<div style=\"text-align: center;\"><strong>T\u1eea \u0110\u1ea0I L\u00dd TOP 1<\/strong><\/div>\n\t\t\n<style>\n#text-203631420 {\n  color: rgb(8, 58, 145);\n}\n#text-203631420 > * {\n  color: rgb(8, 58, 145);\n}\n<\/style>\n\t<\/div>\n\t\n\t\t<\/div>\n\t\t\t\t\n<style>\n#col-884778905 > .col-inner {\n  padding: 15px 15px 15px 15px;\n  border-radius: 25px;\n}\n<\/style>\n\t<\/div>\n\n\t\n\n\t<div id=\"col-1822730377\" class=\"col medium-4 small-12 large-4\"  >\n\t\t\t\t<div class=\"col-inner\" style=\"background-color:rgb(255, 192, 0);\" >\n\t\t\t\n\t<div class=\"is-border is-dotted\"\n\t\tstyle=\"border-color:#3593ce;border-radius:26px;border-width:5px 5px 5px 5px;\">\n\t<\/div>\n\t\t\t\n\t<div id=\"text-2197664198\" class=\"text\">\n\t\t\n<div style=\"text-align: center;\"><strong>SU\u1ea4T \u01afU \u0110\u00c3I<\/strong><\/div>\n<div style=\"text-align: center;\"><span style=\"font-size: 170%;\"><strong> 11.5%<\/strong><\/span><\/div>\n<div style=\"text-align: center;\"><strong> CH\u1ec8 C\u00d3 TRONG \u0110\u1ee2T N\u00c0Y<\/strong><\/div>\n\t\t\n<style>\n#text-2197664198 {\n  color: rgb(8, 58, 145);\n}\n#text-2197664198 > * {\n  color: rgb(8, 58, 145);\n}\n<\/style>\n\t<\/div>\n\t\n\t\t<\/div>\n\t\t\t\t\n<style>\n#col-1822730377 > .col-inner {\n  padding: 15px 15px 15px 15px;\n  border-radius: 25px;\n}\n<\/style>\n\t<\/div>\n\n\t\n<\/div>\n\t<div id=\"stack-2806609483\" class=\"stack stack-row justify-center items-stretch\">\n\t\t\n<a class=\"button secondary\" style=\"border-radius:99px;\">\n\t\t<span>NH\u1eacN B\u1ea2NG GI\u00c1 V\u00c0 T\u01af V\u1ea4N 1-1 QUA ZALO T\u1eea CEO L\u01afU TRUNG QU\u00c2N<\/span>\n\t<\/a>\n\n\t\t\n<style>\n#stack-2806609483 > * {\n  --stack-gap: 0rem;\n}\n<\/style>\n\t<\/div>\n\t\n\t<div id=\"gap-1277342350\" class=\"gap-element clearfix\" style=\"display:block; height:auto;\">\n\t\t\n<style>\n#gap-1277342350 {\n  padding-top: 30px;\n}\n<\/style>\n\t<\/div>\n\t\n\t<div id=\"text-787383662\" class=\"text\">\n\t\t\n<p style=\"text-align: center;\"><strong>\u0110\u0102NG K\u00dd NH\u1eacN B\u00c1O GI\u00c1 T\u1eea NSL ECOPARK V\u00c0 CH\u00cdNH S\u00c1CH \u01afU \u0110\u00c3I G\u01101 QUA ZALO<\/strong><\/p>\n\t\t\n<style>\n#text-787383662 {\n  font-size: 2.3rem;\n  line-height: 0.75;\n  color: rgb(255, 255, 255);\n}\n#text-787383662 > * {\n  color: rgb(255, 255, 255);\n}\n<\/style>\n\t<\/div>\n\t\n\t\t<\/div>\n\n\t\t\n<style>\n#section_316112563 {\n  padding-top: 30px;\n  padding-bottom: 30px;\n  background-color: #3593ce;\n}\n<\/style>\n\t<\/section>\n\t\n<div class=\"row\"  id=\"row-663478282\">\n\n\t<div id=\"col-1847622180\" class=\"col small-12 large-12\"  >\n\t\t\t\t<div class=\"col-inner\"  >\n\t\t\t\n\t\t\t\n<p><em>Ng\u00e0y Update N\u1ed9i Dung: 04\/05\/2025<\/em><\/p>\n<p><strong> Eco Retreat<\/strong> l\u00e0 khu \u0111\u00f4 th\u1ecb sinh th\u00e1i do nh\u00e0 s\u00e1ng l\u1eadp<strong> Ecopark<\/strong> ph\u00e1t tri\u1ec3n t\u1ea1i x\u00e3 Thanh Ph\u00fa, huy\u1ec7n B\u1ebfn L\u1ee9c, t\u1ec9nh Long An. V\u1edbi quy m\u00f4 220ha, d\u1ef1 \u00e1n \u0111\u01b0\u1ee3c thi\u1ebft k\u1ebf v\u1edbi m\u1eadt \u0111\u1ed9 x\u00e2y d\u1ef1ng ch\u1ec9 40.43%, d\u00e0nh ph\u1ea7n l\u1edbn di\u1ec7n t\u00edch cho c\u00e2y xanh v\u00e0 m\u1eb7t n\u01b0\u1edbc, t\u1ea1o n\u00ean m\u00f4i tr\u01b0\u1eddng s\u1ed1ng trong l\u00e0nh v\u00e0 g\u1ea7n g\u0169i v\u1edbi thi\u00ean nhi\u00ean.<\/p>\n<p>D\u1ef1 \u00e1n cung c\u1ea5p \u0111a d\u1ea1ng c\u00e1c lo\u1ea1i h\u00ecnh s\u1ea3n ph\u1ea9m nh\u01b0 nh\u00e0 ph\u1ed1, bi\u1ec7t th\u1ef1 v\u00e0 c\u0103n h\u1ed9, \u0111\u00e1p \u1ee9ng nhu c\u1ea7u \u0111a d\u1ea1ng c\u1ee7a kh\u00e1ch h\u00e0ng. V\u1ecb tr\u00ed chi\u1ebfn l\u01b0\u1ee3c c\u1ee7a Eco Retreat Long An gi\u00fap k\u1ebft n\u1ed1i thu\u1eadn ti\u1ec7n v\u1edbi TP.HCM v\u00e0 c\u00e1c khu v\u1ef1c l\u00e2n c\u1eadn, mang l\u1ea1i ti\u1ec1m n\u0103ng \u0111\u1ea7u t\u01b0 h\u1ea5p d\u1eabn.<\/p>\n<p>B\u00e0i vi\u1ebft n\u00e0y s\u1ebd gi\u1ea3i \u0111\u00e1p c\u00e1c th\u1eafc m\u1eafc v\u1ec1 ph\u00e1p l\u00fd, ti\u1ec7n \u00edch, lo\u1ea1i h\u00ecnh s\u1ea3n ph\u1ea9m v\u00e0 l\u00fd do n\u00ean \u0111\u1ea7u t\u01b0 v\u00e0o Ecopark Long An. V\u1edbi kinh nghi\u1ec7m 14 n\u0103m trong l\u0129nh v\u1ef1c b\u1ea5t \u0111\u1ed9ng s\u1ea3n, L\u01b0u Trung Qu\u00e2n \u2013 CEO SaleReal s\u1ebd chia s\u1ebb nh\u1eefng g\u00f3c nh\u00ecn chuy\u00ean s\u00e2u, gi\u00fap qu\u00fd kh\u00e1ch c\u00f3 quy\u1ebft \u0111\u1ecbnh \u0111\u1ea7u t\u01b0 ch\u00ednh x\u00e1c. H\u00e3y ti\u1ebfp t\u1ee5c \u0111\u1ecdc b\u00e0i vi\u1ebft d\u01b0\u1edbi \u0111\u00e2y nh\u00e9.<\/p>\n<div class=\"text-center\"><div class=\"is-divider divider clearfix\" style=\"max-width:970px;background-color:#3593ce;\"><\/div><\/div>\n\t<div id=\"text-1521587796\" class=\"text\">\n\t\t\n<p style=\"text-align: left;\"><strong>TH\u00d4NG TIN V\u1ec0 D\u1ef0 \u00c1N ECO RETREAT<br \/><\/strong><\/p>\n\t\t\n<style>\n#text-1521587796 {\n  font-size: 2.3rem;\n  line-height: 0.75;\n  text-align: left;\n}\n<\/style>\n\t<\/div>\n\t\n<div class=\"row\"  id=\"row-1362579065\">\n\n\t<div id=\"col-1142146686\" class=\"col medium-7 small-12 large-7\"  >\n\t\t\t\t<div class=\"col-inner\"  >\n\t\t\t\n\t\t\t\n\t<div id=\"text-3200567087\" class=\"text\">\n\t\t\n<ul class=\"project-info-list\">\n<li><strong>T\u00ean d\u1ef1 \u00e1n:<\/strong> Eco Retreat<\/li>\n<li><strong>\u0110\u01a1n v\u1ecb ph\u00e1t tri\u1ec3n:<\/strong> Nh\u00e0 s\u00e1ng l\u1eadp Ecopark.<\/li>\n<li><strong>V\u1ecb tr\u00ed:<\/strong> X\u00e3 Thanh Ph\u00fa, huy\u1ec7n B\u1ebfn L\u1ee9c, t\u1ec9nh Long An<\/li>\n<li><strong>T\u1ed5ng v\u1ed1n \u0111\u1ea7u t\u01b0:<\/strong> 17.000 t\u1ef7 \u0111\u1ed3ng<\/li>\n<li><strong>Quy m\u00f4 d\u1ef1 \u00e1n:<\/strong> 220,05ha<\/li>\n<li><strong>Thi\u1ebft k\u1ebf c\u1ea3nh quan:<\/strong> LJ-Asia<\/li>\n<li><strong>M\u1eadt \u0111\u1ed9 x\u00e2y d\u1ef1ng:<\/strong> 40,43%<\/li>\n<li><strong>Lo\u1ea1i h\u00ecnh ph\u00e1t tri\u1ec3n:<\/strong> C\u0103n h\u1ed9, nh\u00e0 ph\u1ed1, shophouse, bi\u1ec7t th\u1ef1 song l\u1eadp, bi\u1ec7t th\u1ef1 \u0111\u01a1n l\u1eadp.<\/li>\n<li><strong>T\u1ed5ng s\u1ed1 l\u01b0\u1ee3ng s\u1ea3n ph\u1ea9m:<\/strong> 7.727 c\u0103n, bao g\u1ed3m:\n<ul class=\"project-sub-list\">\n<li>Nh\u00e0 ph\u1ed1: 1.742 c\u0103n<\/li>\n<li>Bi\u1ec7t th\u1ef1: 2.185 c\u0103n<\/li>\n<li>Nh\u00e0 \u1edf t\u00e1i \u0111\u1ecbnh c\u01b0: 300 c\u0103n<\/li>\n<li>C\u0103n h\u1ed9: 3.500 c\u0103n<\/li>\n<\/ul>\n<\/li>\n<li><strong>Bi\u1ec7t th\u1ef1 \u0111\u01a1n l\u1eadp:<\/strong> 351.7m2<\/li>\n<li><strong>Ph\u00e1p l\u00fd d\u1ef1 \u00e1n:<\/strong> S\u1edf h\u1eefu l\u00e2u d\u00e0i v\u1edbi ng\u01b0\u1eddi Vi\u1ec7t Nam, 50 n\u0103m v\u1edbi ng\u01b0\u1eddi n\u01b0\u1edbc ngo\u00e0i<\/li>\n<li><strong>Th\u1eddi gian tri\u1ec3n khai:<\/strong> D\u1ef1 ki\u1ebfn qu\u00fd I\/2025<\/li>\n<\/ul>\n\t\t\n<style>\n#text-3200567087 {\n  color: #3593ce;\n}\n#text-3200567087 > * {\n  color: #3593ce;\n}\n<\/style>\n\t<\/div>\n\t\n\t\t<\/div>\n\t\t\t\t\t<\/div>\n\n\t\n\n\t<div id=\"col-300510954\" class=\"col medium-5 small-12 large-5\"  >\n\t\t\t\t<div class=\"col-inner\"  >\n\t\t\t\n\t\t\t\n<div class=\"row\"  id=\"row-789431793\">\n\n\t<div id=\"col-1341589898\" class=\"col medium-6 small-12 large-6\"  >\n\t\t\t\t<div class=\"col-inner\" style=\"background-color:#3593ce;\" >\n\t\t\t\n\t\t\t\n\t<div id=\"text-2384781210\" class=\"text\">\n\t\t\n<p style=\"text-align: center;\">QUY M\u00d4<\/p>\n<p style=\"text-align: center;\"><strong><span style=\"font-size: 200%;\">220 HA<\/span><\/strong><\/p>\n\t\t\n<style>\n#text-2384781210 {\n  color: rgb(255, 255, 255);\n}\n#text-2384781210 > * {\n  color: rgb(255, 255, 255);\n}\n<\/style>\n\t<\/div>\n\t\n\t\t<\/div>\n\t\t\t\t\n<style>\n#col-1341589898 > .col-inner {\n  padding: 18px 5px 103px 5px;\n  border-radius: 17px;\n}\n<\/style>\n\t<\/div>\n\n\t\n\n\t<div id=\"col-1076448625\" class=\"col medium-6 small-12 large-6\"  >\n\t\t\t\t<div class=\"col-inner\" style=\"background-color:#3593ce;\" >\n\t\t\t\n\t\t\t\n\t<div id=\"text-3534733699\" class=\"text\">\n\t\t\n<p style=\"text-align: center;\">M\u1eacT \u0110\u1ed8 X\u00c2Y D\u1ef0NG<\/p>\n<p style=\"text-align: center;\"><strong><span style=\"font-size: 200%;\">40.43%<\/span><\/strong><\/p>\n\t\t\n<style>\n#text-3534733699 {\n  color: rgb(255, 255, 255);\n}\n#text-3534733699 > * {\n  color: rgb(255, 255, 255);\n}\n<\/style>\n\t<\/div>\n\t\n\t\t<\/div>\n\t\t\t\t\n<style>\n#col-1076448625 > .col-inner {\n  padding: 18px 5px 103px 5px;\n  border-radius: 17px;\n}\n<\/style>\n\t<\/div>\n\n\t\n\n\t<div id=\"col-1569474767\" class=\"col medium-6 small-12 large-6\"  >\n\t\t\t\t<div class=\"col-inner\" style=\"background-color:#3593ce;\" >\n\t\t\t\n\t\t\t\n\t<div id=\"text-200809088\" class=\"text\">\n\t\t\n<p style=\"text-align: center;\">S\u1ed0 L\u01af\u1ee2NG S\u1ea2N PH\u1ea8M<\/p>\n<p style=\"text-align: center;\"><strong><span style=\"font-size: 200%;\">7.727 C\u0102N<\/span><\/strong><\/p>\n\t\t\n<style>\n#text-200809088 {\n  color: rgb(255, 255, 255);\n}\n#text-200809088 > * {\n  color: rgb(255, 255, 255);\n}\n<\/style>\n\t<\/div>\n\t\n\t\t<\/div>\n\t\t\t\t\n<style>\n#col-1569474767 > .col-inner {\n  padding: 18px 5px 103px 5px;\n  border-radius: 17px;\n}\n<\/style>\n\t<\/div>\n\n\t\n\n\t<div id=\"col-1756194676\" class=\"col medium-6 small-12 large-6\"  >\n\t\t\t\t<div class=\"col-inner\" style=\"background-color:#3593ce;\" >\n\t\t\t\n\t\t\t\n\t<div id=\"text-440218493\" class=\"text\">\n\t\t\n<p style=\"text-align: center;\">TH\u1edcI GIAN HO\u00c0N TH\u00c0NH TO\u00c0N KHU<\/p>\n<p style=\"text-align: center;\"><strong><span style=\"font-size: 200%;\">2026<\/span><\/strong><\/p>\n\t\t\n<style>\n#text-440218493 {\n  color: rgb(255, 255, 255);\n}\n#text-440218493 > * {\n  color: rgb(255, 255, 255);\n}\n<\/style>\n\t<\/div>\n\t\n\t\t<\/div>\n\t\t\t\t\n<style>\n#col-1756194676 > .col-inner {\n  padding: 18px 5px 75px 5px;\n  border-radius: 17px;\n}\n<\/style>\n\t<\/div>\n\n\t\n<\/div>\n\t\t<\/div>\n\t\t\t\t\t<\/div>\n\n\t\n<\/div>\n<div class=\"text-center\"><div class=\"is-divider divider clearfix\" style=\"max-width:970px;background-color:#3593ce;\"><\/div><\/div>\n<div class=\"row\"  id=\"row-352184719\">\n\n\t<div id=\"col-792747482\" class=\"col small-12 large-12\"  >\n\t\t\t\t<div class=\"col-inner\"  >\n\t\t\t\n\t\t\t\n\t<div id=\"text-3289564036\" class=\"text\">\n\t\t\n<p style=\"text-align: center;\"><strong><span style=\"font-size: 85%;\">Gi\u1ecf h\u00e0ng \u0111\u1ee3t 1 c\u1ee7a d\u1ef1 \u00e1n \u0111\u00e3 ch\u00ednh th\u1ee9c Sold Out sau 48h<\/span><br \/><\/strong><\/p>\n\t\t\n<style>\n#text-3289564036 {\n  font-size: 2.3rem;\n  line-height: 0.75;\n  text-align: center;\n  color: rgb(255, 255, 255);\n}\n#text-3289564036 > * {\n  color: rgb(255, 255, 255);\n}\n<\/style>\n\t<\/div>\n\t\n\t<div class=\"img has-hover x md-x lg-x y md-y lg-y\" id=\"image_611936371\">\n\t\t\t\t\t\t\t\t<div class=\"img-inner dark\" >\n\t\t\t<img loading=\"lazy\" decoding=\"async\" width=\"1024\" height=\"585\" src=\"https:\/\/ecoretreat-nslecopark.com\/wp-content\/uploads\/2026\/04\/gio-hang-eco-retreat-1024x585-1.jpg\" class=\"attachment-original size-original\" alt=\"\" srcset=\"https:\/\/ecoretreat-nslecopark.com\/wp-content\/uploads\/2026\/04\/gio-hang-eco-retreat-1024x585-1.jpg 1024w, https:\/\/ecoretreat-nslecopark.com\/wp-content\/uploads\/2026\/04\/gio-hang-eco-retreat-1024x585-1-300x171.jpg 300w, https:\/\/ecoretreat-nslecopark.com\/wp-content\/uploads\/2026\/04\/gio-hang-eco-retreat-1024x585-1-768x439.jpg 768w, https:\/\/ecoretreat-nslecopark.com\/wp-content\/uploads\/2026\/04\/gio-hang-eco-retreat-1024x585-1-600x343.jpg 600w\" sizes=\"auto, (max-width: 1024px) 100vw, 1024px\" \/>\t\t\t\t\t\t\n\t\t\t\t\t<\/div>\n\t\t\t\t\t\t\t\t\n<style>\n#image_611936371 {\n  width: 100%;\n}\n<\/style>\n\t<\/div>\n\t\n\t\t<\/div>\n\t\t\t\t\n<style>\n#col-792747482 > .col-inner {\n  padding: 28px 60px 3px 60px;\n}\n<\/style>\n\t<\/div>\n\n\t\n\n<style>\n#row-352184719 > .col > .col-inner {\n  background-color: #3593ce;\n}\n<\/style>\n<\/div>\n\t\t<\/div>\n\t\t\t\t\t<\/div>\n\n\t\n<\/div>\n","protected":false},"excerpt":{"rendered":"","protected":false},"author":1,"featured_media":0,"parent":0,"menu_order":0,"comment_status":"closed","ping_status":"closed","template":"page-blank.php","meta":{"footnotes":""},"class_list":["post-19","page","type-page","status-publish","hentry"],"yoast_head":"<!-- This site is optimized with the Yoast SEO plugin v27.3 - https:\/\/yoast.com\/product\/yoast-seo-wordpress\/ -->\n<title>Eco Retreat - Ecoretreat Nslecopark<\/title>\n<meta name=\"robots\" content=\"noindex, follow, max-snippet:-1, max-image-preview:large, max-video-preview:-1\" \/>\n<meta property=\"og:locale\" content=\"vi_VN\" \/>\n<meta property=\"og:type\" content=\"article\" \/>\n<meta property=\"og:title\" content=\"Eco Retreat - Ecoretreat Nslecopark\" \/>\n<meta property=\"og:url\" content=\"https:\/\/ecoretreat-nslecopark.com\/index.php\/eco-retreat\/\" \/>\n<meta property=\"og:site_name\" content=\"Ecoretreat Nslecopark\" \/>\n<meta property=\"article:modified_time\" content=\"2026-04-09T17:50:01+00:00\" \/>\n<meta name=\"twitter:card\" content=\"summary_large_image\" \/>\n<script type=\"application\/ld+json\" class=\"yoast-schema-graph\">{\"@context\":\"https:\\\/\\\/schema.org\",\"@graph\":[{\"@type\":\"WebPage\",\"@id\":\"https:\\\/\\\/ecoretreat-nslecopark.com\\\/index.php\\\/eco-retreat\\\/\",\"url\":\"https:\\\/\\\/ecoretreat-nslecopark.com\\\/index.php\\\/eco-retreat\\\/\",\"name\":\"Eco Retreat - Ecoretreat Nslecopark\",\"isPartOf\":{\"@id\":\"https:\\\/\\\/ecoretreat-nslecopark.com\\\/#website\"},\"datePublished\":\"2026-04-09T16:52:05+00:00\",\"dateModified\":\"2026-04-09T17:50:01+00:00\",\"breadcrumb\":{\"@id\":\"https:\\\/\\\/ecoretreat-nslecopark.com\\\/index.php\\\/eco-retreat\\\/#breadcrumb\"},\"inLanguage\":\"vi\",\"potentialAction\":[{\"@type\":\"ReadAction\",\"target\":[\"https:\\\/\\\/ecoretreat-nslecopark.com\\\/index.php\\\/eco-retreat\\\/\"]}]},{\"@type\":\"BreadcrumbList\",\"@id\":\"https:\\\/\\\/ecoretreat-nslecopark.com\\\/index.php\\\/eco-retreat\\\/#breadcrumb\",\"itemListElement\":[{\"@type\":\"ListItem\",\"position\":1,\"name\":\"Trang ch\u1ee7\",\"item\":\"https:\\\/\\\/ecoretreat-nslecopark.com\\\/\"},{\"@type\":\"ListItem\",\"position\":2,\"name\":\"Eco Retreat\"}]},{\"@type\":\"WebSite\",\"@id\":\"https:\\\/\\\/ecoretreat-nslecopark.com\\\/#website\",\"url\":\"https:\\\/\\\/ecoretreat-nslecopark.com\\\/\",\"name\":\"Ecoretreat Nslecopark\",\"description\":\"\",\"potentialAction\":[{\"@type\":\"SearchAction\",\"target\":{\"@type\":\"EntryPoint\",\"urlTemplate\":\"https:\\\/\\\/ecoretreat-nslecopark.com\\\/?s={search_term_string}\"},\"query-input\":{\"@type\":\"PropertyValueSpecification\",\"valueRequired\":true,\"valueName\":\"search_term_string\"}}],\"inLanguage\":\"vi\"}]}<\/script>\n<!-- \/ Yoast SEO plugin. -->","yoast_head_json":{"title":"Eco Retreat - Ecoretreat Nslecopark","robots":{"index":"noindex","follow":"follow","max-snippet":"max-snippet:-1","max-image-preview":"max-image-preview:large","max-video-preview":"max-video-preview:-1"},"og_locale":"vi_VN","og_type":"article","og_title":"Eco Retreat - Ecoretreat Nslecopark","og_url":"https:\/\/ecoretreat-nslecopark.com\/index.php\/eco-retreat\/","og_site_name":"Ecoretreat Nslecopark","article_modified_time":"2026-04-09T17:50:01+00:00","twitter_card":"summary_large_image","schema":{"@context":"https:\/\/schema.org","@graph":[{"@type":"WebPage","@id":"https:\/\/ecoretreat-nslecopark.com\/index.php\/eco-retreat\/","url":"https:\/\/ecoretreat-nslecopark.com\/index.php\/eco-retreat\/","name":"Eco Retreat - Ecoretreat Nslecopark","isPartOf":{"@id":"https:\/\/ecoretreat-nslecopark.com\/#website"},"datePublished":"2026-04-09T16:52:05+00:00","dateModified":"2026-04-09T17:50:01+00:00","breadcrumb":{"@id":"https:\/\/ecoretreat-nslecopark.com\/index.php\/eco-retreat\/#breadcrumb"},"inLanguage":"vi","potentialAction":[{"@type":"ReadAction","target":["https:\/\/ecoretreat-nslecopark.com\/index.php\/eco-retreat\/"]}]},{"@type":"BreadcrumbList","@id":"https:\/\/ecoretreat-nslecopark.com\/index.php\/eco-retreat\/#breadcrumb","itemListElement":[{"@type":"ListItem","position":1,"name":"Trang ch\u1ee7","item":"https:\/\/ecoretreat-nslecopark.com\/"},{"@type":"ListItem","position":2,"name":"Eco Retreat"}]},{"@type":"WebSite","@id":"https:\/\/ecoretreat-nslecopark.com\/#website","url":"https:\/\/ecoretreat-nslecopark.com\/","name":"Ecoretreat Nslecopark","description":"","potentialAction":[{"@type":"SearchAction","target":{"@type":"EntryPoint","urlTemplate":"https:\/\/ecoretreat-nslecopark.com\/?s={search_term_string}"},"query-input":{"@type":"PropertyValueSpecification","valueRequired":true,"valueName":"search_term_string"}}],"inLanguage":"vi"}]}},"_links":{"self":[{"href":"https:\/\/ecoretreat-nslecopark.com\/index.php\/wp-json\/wp\/v2\/pages\/19","targetHints":{"allow":["GET"]}}],"collection":[{"href":"https:\/\/ecoretreat-nslecopark.com\/index.php\/wp-json\/wp\/v2\/pages"}],"about":[{"href":"https:\/\/ecoretreat-nslecopark.com\/index.php\/wp-json\/wp\/v2\/types\/page"}],"author":[{"embeddable":true,"href":"https:\/\/ecoretreat-nslecopark.com\/index.php\/wp-json\/wp\/v2\/users\/1"}],"replies":[{"embeddable":true,"href":"https:\/\/ecoretreat-nslecopark.com\/index.php\/wp-json\/wp\/v2\/comments?post=19"}],"version-history":[{"count":4,"href":"https:\/\/ecoretreat-nslecopark.com\/index.php\/wp-json\/wp\/v2\/pages\/19\/revisions"}],"predecessor-version":[{"id":72,"href":"https:\/\/ecoretreat-nslecopark.com\/index.php\/wp-json\/wp\/v2\/pages\/19\/revisions\/72"}],"wp:attachment":[{"href":"https:\/\/ecoretreat-nslecopark.com\/index.php\/wp-json\/wp\/v2\/media?parent=19"}],"curies":[{"name":"wp","href":"https:\/\/api.w.org\/{rel}","templated":true}]}}